{"id":1093,"date":"2021-07-15T15:00:35","date_gmt":"2021-07-15T19:00:35","guid":{"rendered":"https:\/\/ameiph.com\/?page_id=1093"},"modified":"2025-04-17T16:02:47","modified_gmt":"2025-04-17T20:02:47","slug":"our-board-of-directors","status":"publish","type":"page","link":"https:\/\/ameiph.com\/en\/about-us\/our-board-of-directors\/","title":{"rendered":"Our Board of Directors"},"content":{"rendered":"<p>&nbsp;<\/p>\n<p>&nbsp;<\/p>\n<ul>\n<li aria-level=\"1\"><strong>Ayit\u00e9 Elo GABA, Pr\u00e9sident<\/strong><\/li>\n<li aria-level=\"1\"><strong>Schahnez Hadjabi, Administratrice<\/strong><\/li>\n<li aria-level=\"1\"><strong>McEstus A.Oshinowo, Secr\u00e9taire<\/strong><\/li>\n<li aria-level=\"1\"><strong>Aliou Sylla, Tr\u00e9sorier<\/strong><\/li>\n<li aria-level=\"1\"><strong>Kadidia Nikiema, Administratrice<\/strong><\/li>\n<li aria-level=\"1\"><strong>Azeddine Sahnoun, Administrateur<\/strong><\/li>\n<li aria-level=\"1\"><strong>Tony Afryie, Administrateur<\/strong><\/li>\n<\/ul>\n<div id=\"gtx-trans\" style=\"position: absolute; left: 273px; top: 51px;\">\n<div class=\"gtx-trans-icon\"><\/div>\n<\/div>\n","protected":false},"excerpt":{"rendered":"<p>&nbsp; &nbsp; Ayit\u00e9 Elo GABA, Pr\u00e9sident Schahnez Hadjabi, Administratrice McEstus A.Oshinowo, Secr\u00e9taire Aliou Sylla, Tr\u00e9sorier Kadidia Nikiema, Administratrice Azeddine Sahnoun,&#8230;<br \/><a href=\"https:\/\/ameiph.com\/en\/about-us\/our-board-of-directors\/\" class=\"read-more btn\">Read more <span class=\"sr-only\">about Our Board of Directors<\/span><\/a><\/p>\n","protected":false},"author":1,"featured_media":0,"parent":1077,"menu_order":10,"comment_status":"closed","ping_status":"closed","template":"","meta":{"_acf_changed":false,"footnotes":""},"class_list":["post-1093","page","type-page","status-publish","hentry"],"acf":[],"yoast_head":"<!-- This site is optimized with the Yoast SEO plugin v25.5 - https:\/\/yoast.com\/wordpress\/plugins\/seo\/ -->\n<title>Our Board of Directors - Association multiethnique pour l\u2019int\u00e9gration des personnes handicap\u00e9es<\/title>\n<meta name=\"robots\" content=\"index, follow, max-snippet:-1, max-image-preview:large, max-video-preview:-1\" \/>\n<link rel=\"canonical\" href=\"https:\/\/ameiph.com\/en\/about-us\/our-board-of-directors\/\" \/>\n<meta property=\"og:locale\" content=\"en_US\" \/>\n<meta property=\"og:type\" content=\"article\" \/>\n<meta property=\"og:title\" content=\"Our Board of Directors - Association multiethnique pour l\u2019int\u00e9gration des personnes handicap\u00e9es\" \/>\n<meta property=\"og:description\" content=\"&nbsp; &nbsp; Ayit\u00e9 Elo GABA, Pr\u00e9sident Schahnez Hadjabi, Administratrice McEstus A.Oshinowo, Secr\u00e9taire Aliou Sylla, Tr\u00e9sorier Kadidia Nikiema, Administratrice Azeddine Sahnoun,...Read more about Our Board of Directors\" \/>\n<meta property=\"og:url\" content=\"https:\/\/ameiph.com\/en\/about-us\/our-board-of-directors\/\" \/>\n<meta property=\"og:site_name\" content=\"Association multiethnique pour l\u2019int\u00e9gration des personnes handicap\u00e9es\" \/>\n<meta property=\"article:modified_time\" content=\"2025-04-17T20:02:47+00:00\" \/>\n<meta name=\"twitter:card\" content=\"summary_large_image\" \/>\n<meta name=\"twitter:label1\" content=\"Est. reading time\" \/>\n\t<meta name=\"twitter:data1\" content=\"1 minute\" \/>\n<script type=\"application\/ld+json\" class=\"yoast-schema-graph\">{\"@context\":\"https:\/\/schema.org\",\"@graph\":[{\"@type\":\"WebPage\",\"@id\":\"https:\/\/ameiph.com\/en\/about-us\/our-board-of-directors\/\",\"url\":\"https:\/\/ameiph.com\/en\/about-us\/our-board-of-directors\/\",\"name\":\"Our Board of Directors - Association multiethnique pour l\u2019int\u00e9gration des personnes handicap\u00e9es\",\"isPartOf\":{\"@id\":\"https:\/\/ameiph.com\/#website\"},\"datePublished\":\"2021-07-15T19:00:35+00:00\",\"dateModified\":\"2025-04-17T20:02:47+00:00\",\"breadcrumb\":{\"@id\":\"https:\/\/ameiph.com\/en\/about-us\/our-board-of-directors\/#breadcrumb\"},\"inLanguage\":\"en-US\",\"potentialAction\":[{\"@type\":\"ReadAction\",\"target\":[\"https:\/\/ameiph.com\/en\/about-us\/our-board-of-directors\/\"]}]},{\"@type\":\"BreadcrumbList\",\"@id\":\"https:\/\/ameiph.com\/en\/about-us\/our-board-of-directors\/#breadcrumb\",\"itemListElement\":[{\"@type\":\"ListItem\",\"position\":1,\"name\":\"Accueil\",\"item\":\"https:\/\/ameiph.com\/en\/\"},{\"@type\":\"ListItem\",\"position\":2,\"name\":\"About Us\",\"item\":\"https:\/\/ameiph.com\/en\/about-us\/\"},{\"@type\":\"ListItem\",\"position\":3,\"name\":\"Our Board of Directors\"}]},{\"@type\":\"WebSite\",\"@id\":\"https:\/\/ameiph.com\/#website\",\"url\":\"https:\/\/ameiph.com\/\",\"name\":\"Association multiethnique pour l\u2019int\u00e9gration des personnes handicap\u00e9es\",\"description\":\"(AMEIPH)\",\"potentialAction\":[{\"@type\":\"SearchAction\",\"target\":{\"@type\":\"EntryPoint\",\"urlTemplate\":\"https:\/\/ameiph.com\/?s={search_term_string}\"},\"query-input\":{\"@type\":\"PropertyValueSpecification\",\"valueRequired\":true,\"valueName\":\"search_term_string\"}}],\"inLanguage\":\"en-US\"}]}<\/script>\n<!-- \/ Yoast SEO plugin. -->","yoast_head_json":{"title":"Our Board of Directors - Association multiethnique pour l\u2019int\u00e9gration des personnes handicap\u00e9es","robots":{"index":"index","follow":"follow","max-snippet":"max-snippet:-1","max-image-preview":"max-image-preview:large","max-video-preview":"max-video-preview:-1"},"canonical":"https:\/\/ameiph.com\/en\/about-us\/our-board-of-directors\/","og_locale":"en_US","og_type":"article","og_title":"Our Board of Directors - Association multiethnique pour l\u2019int\u00e9gration des personnes handicap\u00e9es","og_description":"&nbsp; &nbsp; Ayit\u00e9 Elo GABA, Pr\u00e9sident Schahnez Hadjabi, Administratrice McEstus A.Oshinowo, Secr\u00e9taire Aliou Sylla, Tr\u00e9sorier Kadidia Nikiema, Administratrice Azeddine Sahnoun,...Read more about Our Board of Directors","og_url":"https:\/\/ameiph.com\/en\/about-us\/our-board-of-directors\/","og_site_name":"Association multiethnique pour l\u2019int\u00e9gration des personnes handicap\u00e9es","article_modified_time":"2025-04-17T20:02:47+00:00","twitter_card":"summary_large_image","twitter_misc":{"Est. reading time":"1 minute"},"schema":{"@context":"https:\/\/schema.org","@graph":[{"@type":"WebPage","@id":"https:\/\/ameiph.com\/en\/about-us\/our-board-of-directors\/","url":"https:\/\/ameiph.com\/en\/about-us\/our-board-of-directors\/","name":"Our Board of Directors - Association multiethnique pour l\u2019int\u00e9gration des personnes handicap\u00e9es","isPartOf":{"@id":"https:\/\/ameiph.com\/#website"},"datePublished":"2021-07-15T19:00:35+00:00","dateModified":"2025-04-17T20:02:47+00:00","breadcrumb":{"@id":"https:\/\/ameiph.com\/en\/about-us\/our-board-of-directors\/#breadcrumb"},"inLanguage":"en-US","potentialAction":[{"@type":"ReadAction","target":["https:\/\/ameiph.com\/en\/about-us\/our-board-of-directors\/"]}]},{"@type":"BreadcrumbList","@id":"https:\/\/ameiph.com\/en\/about-us\/our-board-of-directors\/#breadcrumb","itemListElement":[{"@type":"ListItem","position":1,"name":"Accueil","item":"https:\/\/ameiph.com\/en\/"},{"@type":"ListItem","position":2,"name":"About Us","item":"https:\/\/ameiph.com\/en\/about-us\/"},{"@type":"ListItem","position":3,"name":"Our Board of Directors"}]},{"@type":"WebSite","@id":"https:\/\/ameiph.com\/#website","url":"https:\/\/ameiph.com\/","name":"Association multiethnique pour l\u2019int\u00e9gration des personnes handicap\u00e9es","description":"(AMEIPH)","potentialAction":[{"@type":"SearchAction","target":{"@type":"EntryPoint","urlTemplate":"https:\/\/ameiph.com\/?s={search_term_string}"},"query-input":{"@type":"PropertyValueSpecification","valueRequired":true,"valueName":"search_term_string"}}],"inLanguage":"en-US"}]}},"_links":{"self":[{"href":"https:\/\/ameiph.com\/en\/wp-json\/wp\/v2\/pages\/1093","targetHints":{"allow":["GET"]}}],"collection":[{"href":"https:\/\/ameiph.com\/en\/wp-json\/wp\/v2\/pages"}],"about":[{"href":"https:\/\/ameiph.com\/en\/wp-json\/wp\/v2\/types\/page"}],"author":[{"embeddable":true,"href":"https:\/\/ameiph.com\/en\/wp-json\/wp\/v2\/users\/1"}],"replies":[{"embeddable":true,"href":"https:\/\/ameiph.com\/en\/wp-json\/wp\/v2\/comments?post=1093"}],"version-history":[{"count":7,"href":"https:\/\/ameiph.com\/en\/wp-json\/wp\/v2\/pages\/1093\/revisions"}],"predecessor-version":[{"id":4004,"href":"https:\/\/ameiph.com\/en\/wp-json\/wp\/v2\/pages\/1093\/revisions\/4004"}],"up":[{"embeddable":true,"href":"https:\/\/ameiph.com\/en\/wp-json\/wp\/v2\/pages\/1077"}],"wp:attachment":[{"href":"https:\/\/ameiph.com\/en\/wp-json\/wp\/v2\/media?parent=1093"}],"curies":[{"name":"wp","href":"https:\/\/api.w.org\/{rel}","templated":true}]}}