{"id":1118,"date":"2021-07-15T15:25:40","date_gmt":"2021-07-15T19:25:24","guid":{"rendered":"https:\/\/ameiph.com\/?page_id=1118"},"modified":"2021-07-22T10:15:14","modified_gmt":"2021-07-22T14:15:14","slug":"annual-report-and-action-plan","status":"publish","type":"page","link":"https:\/\/ameiph.com\/en\/our-publications\/annual-report-and-action-plan\/","title":{"rendered":"Annual Report and Action Plan"},"content":{"rendered":"<p><a href=\"https:\/\/ameiph.com\/wp-content\/uploads\/2020\/10\/AMEIPH_RA_2020.pdf\">Rapport d&#8217;activit\u00e9s 2019-2020<\/a><\/p>\n<p><a href=\"https:\/\/ameiph.com\/wp-content\/uploads\/2019\/11\/Rapport_Annuel_2018-2019_Final.pdf\">Rapport d&#8217;activit\u00e9s 2018-2019<\/a><\/p>\n<p><a href=\"https:\/\/ameiph.com\/wp-content\/uploads\/2019\/11\/Plan-daction-annuel-2019-2020-AMEIPH.pdf\">Plan d&#8217;action annuel 2019-2020<\/a><\/p>\n<p><a href=\"https:\/\/ameiph.com\/wp-content\/uploads\/2019\/11\/Plan-strat\u00e9gique-de-d\u00e9veloppement-de-lAMEIPH-2019-2022.pdf\">Plan strat\u00e9gique de d\u00e9veloppement 2019-2022<\/a><\/p>\n","protected":false},"excerpt":{"rendered":"<p>Rapport d&#8217;activit\u00e9s 2019-2020 Rapport d&#8217;activit\u00e9s 2018-2019 Plan d&#8217;action annuel 2019-2020 Plan strat\u00e9gique de d\u00e9veloppement 2019-2022<\/p>\n","protected":false},"author":1,"featured_media":0,"parent":1099,"menu_order":1,"comment_status":"closed","ping_status":"closed","template":"","meta":{"_acf_changed":false,"footnotes":""},"class_list":["post-1118","page","type-page","status-publish","hentry"],"acf":[],"yoast_head":"<!-- This site is optimized with the Yoast SEO plugin v25.5 - https:\/\/yoast.com\/wordpress\/plugins\/seo\/ -->\n<title>Annual Report and Action Plan - Association multiethnique pour l\u2019int\u00e9gration des personnes handicap\u00e9es<\/title>\n<meta name=\"robots\" content=\"index, follow, max-snippet:-1, max-image-preview:large, max-video-preview:-1\" \/>\n<link rel=\"canonical\" href=\"https:\/\/ameiph.com\/en\/our-publications\/annual-report-and-action-plan\/\" \/>\n<meta property=\"og:locale\" content=\"en_US\" \/>\n<meta property=\"og:type\" content=\"article\" \/>\n<meta property=\"og:title\" content=\"Annual Report and Action Plan - Association multiethnique pour l\u2019int\u00e9gration des personnes handicap\u00e9es\" \/>\n<meta property=\"og:description\" content=\"Rapport d&#8217;activit\u00e9s 2019-2020 Rapport d&#8217;activit\u00e9s 2018-2019 Plan d&#8217;action annuel 2019-2020 Plan strat\u00e9gique de d\u00e9veloppement 2019-2022\" \/>\n<meta property=\"og:url\" content=\"https:\/\/ameiph.com\/en\/our-publications\/annual-report-and-action-plan\/\" \/>\n<meta property=\"og:site_name\" content=\"Association multiethnique pour l\u2019int\u00e9gration des personnes handicap\u00e9es\" \/>\n<meta property=\"article:modified_time\" content=\"2021-07-22T14:15:14+00:00\" \/>\n<meta name=\"twitter:card\" content=\"summary_large_image\" \/>\n<script type=\"application\/ld+json\" class=\"yoast-schema-graph\">{\"@context\":\"https:\/\/schema.org\",\"@graph\":[{\"@type\":\"WebPage\",\"@id\":\"https:\/\/ameiph.com\/en\/our-publications\/annual-report-and-action-plan\/\",\"url\":\"https:\/\/ameiph.com\/en\/our-publications\/annual-report-and-action-plan\/\",\"name\":\"Annual Report and Action Plan - Association multiethnique pour l\u2019int\u00e9gration des personnes handicap\u00e9es\",\"isPartOf\":{\"@id\":\"https:\/\/ameiph.com\/#website\"},\"datePublished\":\"2021-07-15T19:25:24+00:00\",\"dateModified\":\"2021-07-22T14:15:14+00:00\",\"breadcrumb\":{\"@id\":\"https:\/\/ameiph.com\/en\/our-publications\/annual-report-and-action-plan\/#breadcrumb\"},\"inLanguage\":\"en-US\",\"potentialAction\":[{\"@type\":\"ReadAction\",\"target\":[\"https:\/\/ameiph.com\/en\/our-publications\/annual-report-and-action-plan\/\"]}]},{\"@type\":\"BreadcrumbList\",\"@id\":\"https:\/\/ameiph.com\/en\/our-publications\/annual-report-and-action-plan\/#breadcrumb\",\"itemListElement\":[{\"@type\":\"ListItem\",\"position\":1,\"name\":\"Accueil\",\"item\":\"https:\/\/ameiph.com\/en\/\"},{\"@type\":\"ListItem\",\"position\":2,\"name\":\"Our Publications\",\"item\":\"https:\/\/ameiph.com\/en\/our-publications\/\"},{\"@type\":\"ListItem\",\"position\":3,\"name\":\"Annual Report and Action Plan\"}]},{\"@type\":\"WebSite\",\"@id\":\"https:\/\/ameiph.com\/#website\",\"url\":\"https:\/\/ameiph.com\/\",\"name\":\"Association multiethnique pour l\u2019int\u00e9gration des personnes handicap\u00e9es\",\"description\":\"(AMEIPH)\",\"potentialAction\":[{\"@type\":\"SearchAction\",\"target\":{\"@type\":\"EntryPoint\",\"urlTemplate\":\"https:\/\/ameiph.com\/?s={search_term_string}\"},\"query-input\":{\"@type\":\"PropertyValueSpecification\",\"valueRequired\":true,\"valueName\":\"search_term_string\"}}],\"inLanguage\":\"en-US\"}]}<\/script>\n<!-- \/ Yoast SEO plugin. -->","yoast_head_json":{"title":"Annual Report and Action Plan - Association multiethnique pour l\u2019int\u00e9gration des personnes handicap\u00e9es","robots":{"index":"index","follow":"follow","max-snippet":"max-snippet:-1","max-image-preview":"max-image-preview:large","max-video-preview":"max-video-preview:-1"},"canonical":"https:\/\/ameiph.com\/en\/our-publications\/annual-report-and-action-plan\/","og_locale":"en_US","og_type":"article","og_title":"Annual Report and Action Plan - Association multiethnique pour l\u2019int\u00e9gration des personnes handicap\u00e9es","og_description":"Rapport d&#8217;activit\u00e9s 2019-2020 Rapport d&#8217;activit\u00e9s 2018-2019 Plan d&#8217;action annuel 2019-2020 Plan strat\u00e9gique de d\u00e9veloppement 2019-2022","og_url":"https:\/\/ameiph.com\/en\/our-publications\/annual-report-and-action-plan\/","og_site_name":"Association multiethnique pour l\u2019int\u00e9gration des personnes handicap\u00e9es","article_modified_time":"2021-07-22T14:15:14+00:00","twitter_card":"summary_large_image","schema":{"@context":"https:\/\/schema.org","@graph":[{"@type":"WebPage","@id":"https:\/\/ameiph.com\/en\/our-publications\/annual-report-and-action-plan\/","url":"https:\/\/ameiph.com\/en\/our-publications\/annual-report-and-action-plan\/","name":"Annual Report and Action Plan - Association multiethnique pour l\u2019int\u00e9gration des personnes handicap\u00e9es","isPartOf":{"@id":"https:\/\/ameiph.com\/#website"},"datePublished":"2021-07-15T19:25:24+00:00","dateModified":"2021-07-22T14:15:14+00:00","breadcrumb":{"@id":"https:\/\/ameiph.com\/en\/our-publications\/annual-report-and-action-plan\/#breadcrumb"},"inLanguage":"en-US","potentialAction":[{"@type":"ReadAction","target":["https:\/\/ameiph.com\/en\/our-publications\/annual-report-and-action-plan\/"]}]},{"@type":"BreadcrumbList","@id":"https:\/\/ameiph.com\/en\/our-publications\/annual-report-and-action-plan\/#breadcrumb","itemListElement":[{"@type":"ListItem","position":1,"name":"Accueil","item":"https:\/\/ameiph.com\/en\/"},{"@type":"ListItem","position":2,"name":"Our Publications","item":"https:\/\/ameiph.com\/en\/our-publications\/"},{"@type":"ListItem","position":3,"name":"Annual Report and Action Plan"}]},{"@type":"WebSite","@id":"https:\/\/ameiph.com\/#website","url":"https:\/\/ameiph.com\/","name":"Association multiethnique pour l\u2019int\u00e9gration des personnes handicap\u00e9es","description":"(AMEIPH)","potentialAction":[{"@type":"SearchAction","target":{"@type":"EntryPoint","urlTemplate":"https:\/\/ameiph.com\/?s={search_term_string}"},"query-input":{"@type":"PropertyValueSpecification","valueRequired":true,"valueName":"search_term_string"}}],"inLanguage":"en-US"}]}},"_links":{"self":[{"href":"https:\/\/ameiph.com\/en\/wp-json\/wp\/v2\/pages\/1118","targetHints":{"allow":["GET"]}}],"collection":[{"href":"https:\/\/ameiph.com\/en\/wp-json\/wp\/v2\/pages"}],"about":[{"href":"https:\/\/ameiph.com\/en\/wp-json\/wp\/v2\/types\/page"}],"author":[{"embeddable":true,"href":"https:\/\/ameiph.com\/en\/wp-json\/wp\/v2\/users\/1"}],"replies":[{"embeddable":true,"href":"https:\/\/ameiph.com\/en\/wp-json\/wp\/v2\/comments?post=1118"}],"version-history":[{"count":2,"href":"https:\/\/ameiph.com\/en\/wp-json\/wp\/v2\/pages\/1118\/revisions"}],"predecessor-version":[{"id":1278,"href":"https:\/\/ameiph.com\/en\/wp-json\/wp\/v2\/pages\/1118\/revisions\/1278"}],"up":[{"embeddable":true,"href":"https:\/\/ameiph.com\/en\/wp-json\/wp\/v2\/pages\/1099"}],"wp:attachment":[{"href":"https:\/\/ameiph.com\/en\/wp-json\/wp\/v2\/media?parent=1118"}],"curies":[{"name":"wp","href":"https:\/\/api.w.org\/{rel}","templated":true}]}}