{"id":1119,"date":"2021-07-15T15:15:40","date_gmt":"2021-07-15T19:15:16","guid":{"rendered":"https:\/\/ameiph.com\/?page_id=1119"},"modified":"2021-07-22T10:13:52","modified_gmt":"2021-07-22T14:13:52","slug":"our-memory-advices-and-recommendations","status":"publish","type":"page","link":"https:\/\/ameiph.com\/en\/our-publications\/our-memory-advices-and-recommendations\/","title":{"rendered":"Our Memory, Advices and Recommendations"},"content":{"rendered":"<p><a href=\"https:\/\/ameiph.com\/wp-content\/uploads\/2019\/11\/2019-10-MEM-DePhy_Mtl-OCPM-racismediscrimination-systemiques-vf.pdf\">M\u00e9moire sur le racisme et la discrimination syst\u00e9miques-2019<\/a><\/p>\n<p><a href=\"https:\/\/ameiph.com\/wp-content\/uploads\/2019\/11\/M\u00e9moire-sur-la-Loi-concernant-les-soins-de-fin-de-vie-2013.pdf\">M\u00e9moire sur la Loi concernant les soins de fin de vie-2013<\/a><\/p>\n<p><a href=\"https:\/\/ameiph.com\/wp-content\/uploads\/2019\/11\/Projet-Pinocchio-2008.pdf\">Projet Pinocchio-2008<\/a><\/p>\n<p><a href=\"https:\/\/ameiph.com\/wp-content\/uploads\/2019\/11\/M\u00e9moire-accommodements-raisonnables-2007.pdf\">M\u00e9moire-accommodements raisonnables-2007<\/a><\/p>\n","protected":false},"excerpt":{"rendered":"<p>M\u00e9moire sur le racisme et la discrimination syst\u00e9miques-2019 M\u00e9moire sur la Loi concernant les soins de fin de vie-2013 Projet&#8230;<br \/><a href=\"https:\/\/ameiph.com\/en\/our-publications\/our-memory-advices-and-recommendations\/\" class=\"read-more btn\">Read more <span class=\"sr-only\">about Our Memory, Advices and Recommendations<\/span><\/a><\/p>\n","protected":false},"author":1,"featured_media":0,"parent":1099,"menu_order":2,"comment_status":"closed","ping_status":"closed","template":"","meta":{"_acf_changed":false,"footnotes":""},"class_list":["post-1119","page","type-page","status-publish","hentry"],"acf":[],"yoast_head":"<!-- This site is optimized with the Yoast SEO plugin v25.5 - https:\/\/yoast.com\/wordpress\/plugins\/seo\/ -->\n<title>Our Memory, Advices and Recommendations - Association multiethnique pour l\u2019int\u00e9gration des personnes handicap\u00e9es<\/title>\n<meta name=\"robots\" content=\"index, follow, max-snippet:-1, max-image-preview:large, max-video-preview:-1\" \/>\n<link rel=\"canonical\" href=\"https:\/\/ameiph.com\/en\/our-publications\/our-memory-advices-and-recommendations\/\" \/>\n<meta property=\"og:locale\" content=\"en_US\" \/>\n<meta property=\"og:type\" content=\"article\" \/>\n<meta property=\"og:title\" content=\"Our Memory, Advices and Recommendations - Association multiethnique pour l\u2019int\u00e9gration des personnes handicap\u00e9es\" \/>\n<meta property=\"og:description\" content=\"M\u00e9moire sur le racisme et la discrimination syst\u00e9miques-2019 M\u00e9moire sur la Loi concernant les soins de fin de vie-2013 Projet...Read more about Our Memory, Advices and Recommendations\" \/>\n<meta property=\"og:url\" content=\"https:\/\/ameiph.com\/en\/our-publications\/our-memory-advices-and-recommendations\/\" \/>\n<meta property=\"og:site_name\" content=\"Association multiethnique pour l\u2019int\u00e9gration des personnes handicap\u00e9es\" \/>\n<meta property=\"article:modified_time\" content=\"2021-07-22T14:13:52+00:00\" \/>\n<meta name=\"twitter:card\" content=\"summary_large_image\" \/>\n<script type=\"application\/ld+json\" class=\"yoast-schema-graph\">{\"@context\":\"https:\/\/schema.org\",\"@graph\":[{\"@type\":\"WebPage\",\"@id\":\"https:\/\/ameiph.com\/en\/our-publications\/our-memory-advices-and-recommendations\/\",\"url\":\"https:\/\/ameiph.com\/en\/our-publications\/our-memory-advices-and-recommendations\/\",\"name\":\"Our Memory, Advices and Recommendations - Association multiethnique pour l\u2019int\u00e9gration des personnes handicap\u00e9es\",\"isPartOf\":{\"@id\":\"https:\/\/ameiph.com\/#website\"},\"datePublished\":\"2021-07-15T19:15:16+00:00\",\"dateModified\":\"2021-07-22T14:13:52+00:00\",\"breadcrumb\":{\"@id\":\"https:\/\/ameiph.com\/en\/our-publications\/our-memory-advices-and-recommendations\/#breadcrumb\"},\"inLanguage\":\"en-US\",\"potentialAction\":[{\"@type\":\"ReadAction\",\"target\":[\"https:\/\/ameiph.com\/en\/our-publications\/our-memory-advices-and-recommendations\/\"]}]},{\"@type\":\"BreadcrumbList\",\"@id\":\"https:\/\/ameiph.com\/en\/our-publications\/our-memory-advices-and-recommendations\/#breadcrumb\",\"itemListElement\":[{\"@type\":\"ListItem\",\"position\":1,\"name\":\"Accueil\",\"item\":\"https:\/\/ameiph.com\/en\/\"},{\"@type\":\"ListItem\",\"position\":2,\"name\":\"Our Publications\",\"item\":\"https:\/\/ameiph.com\/en\/our-publications\/\"},{\"@type\":\"ListItem\",\"position\":3,\"name\":\"Our Memory, Advices and Recommendations\"}]},{\"@type\":\"WebSite\",\"@id\":\"https:\/\/ameiph.com\/#website\",\"url\":\"https:\/\/ameiph.com\/\",\"name\":\"Association multiethnique pour l\u2019int\u00e9gration des personnes handicap\u00e9es\",\"description\":\"(AMEIPH)\",\"potentialAction\":[{\"@type\":\"SearchAction\",\"target\":{\"@type\":\"EntryPoint\",\"urlTemplate\":\"https:\/\/ameiph.com\/?s={search_term_string}\"},\"query-input\":{\"@type\":\"PropertyValueSpecification\",\"valueRequired\":true,\"valueName\":\"search_term_string\"}}],\"inLanguage\":\"en-US\"}]}<\/script>\n<!-- \/ Yoast SEO plugin. -->","yoast_head_json":{"title":"Our Memory, Advices and Recommendations - Association multiethnique pour l\u2019int\u00e9gration des personnes handicap\u00e9es","robots":{"index":"index","follow":"follow","max-snippet":"max-snippet:-1","max-image-preview":"max-image-preview:large","max-video-preview":"max-video-preview:-1"},"canonical":"https:\/\/ameiph.com\/en\/our-publications\/our-memory-advices-and-recommendations\/","og_locale":"en_US","og_type":"article","og_title":"Our Memory, Advices and Recommendations - Association multiethnique pour l\u2019int\u00e9gration des personnes handicap\u00e9es","og_description":"M\u00e9moire sur le racisme et la discrimination syst\u00e9miques-2019 M\u00e9moire sur la Loi concernant les soins de fin de vie-2013 Projet...Read more about Our Memory, Advices and Recommendations","og_url":"https:\/\/ameiph.com\/en\/our-publications\/our-memory-advices-and-recommendations\/","og_site_name":"Association multiethnique pour l\u2019int\u00e9gration des personnes handicap\u00e9es","article_modified_time":"2021-07-22T14:13:52+00:00","twitter_card":"summary_large_image","schema":{"@context":"https:\/\/schema.org","@graph":[{"@type":"WebPage","@id":"https:\/\/ameiph.com\/en\/our-publications\/our-memory-advices-and-recommendations\/","url":"https:\/\/ameiph.com\/en\/our-publications\/our-memory-advices-and-recommendations\/","name":"Our Memory, Advices and Recommendations - Association multiethnique pour l\u2019int\u00e9gration des personnes handicap\u00e9es","isPartOf":{"@id":"https:\/\/ameiph.com\/#website"},"datePublished":"2021-07-15T19:15:16+00:00","dateModified":"2021-07-22T14:13:52+00:00","breadcrumb":{"@id":"https:\/\/ameiph.com\/en\/our-publications\/our-memory-advices-and-recommendations\/#breadcrumb"},"inLanguage":"en-US","potentialAction":[{"@type":"ReadAction","target":["https:\/\/ameiph.com\/en\/our-publications\/our-memory-advices-and-recommendations\/"]}]},{"@type":"BreadcrumbList","@id":"https:\/\/ameiph.com\/en\/our-publications\/our-memory-advices-and-recommendations\/#breadcrumb","itemListElement":[{"@type":"ListItem","position":1,"name":"Accueil","item":"https:\/\/ameiph.com\/en\/"},{"@type":"ListItem","position":2,"name":"Our Publications","item":"https:\/\/ameiph.com\/en\/our-publications\/"},{"@type":"ListItem","position":3,"name":"Our Memory, Advices and Recommendations"}]},{"@type":"WebSite","@id":"https:\/\/ameiph.com\/#website","url":"https:\/\/ameiph.com\/","name":"Association multiethnique pour l\u2019int\u00e9gration des personnes handicap\u00e9es","description":"(AMEIPH)","potentialAction":[{"@type":"SearchAction","target":{"@type":"EntryPoint","urlTemplate":"https:\/\/ameiph.com\/?s={search_term_string}"},"query-input":{"@type":"PropertyValueSpecification","valueRequired":true,"valueName":"search_term_string"}}],"inLanguage":"en-US"}]}},"_links":{"self":[{"href":"https:\/\/ameiph.com\/en\/wp-json\/wp\/v2\/pages\/1119","targetHints":{"allow":["GET"]}}],"collection":[{"href":"https:\/\/ameiph.com\/en\/wp-json\/wp\/v2\/pages"}],"about":[{"href":"https:\/\/ameiph.com\/en\/wp-json\/wp\/v2\/types\/page"}],"author":[{"embeddable":true,"href":"https:\/\/ameiph.com\/en\/wp-json\/wp\/v2\/users\/1"}],"replies":[{"embeddable":true,"href":"https:\/\/ameiph.com\/en\/wp-json\/wp\/v2\/comments?post=1119"}],"version-history":[{"count":2,"href":"https:\/\/ameiph.com\/en\/wp-json\/wp\/v2\/pages\/1119\/revisions"}],"predecessor-version":[{"id":1277,"href":"https:\/\/ameiph.com\/en\/wp-json\/wp\/v2\/pages\/1119\/revisions\/1277"}],"up":[{"embeddable":true,"href":"https:\/\/ameiph.com\/en\/wp-json\/wp\/v2\/pages\/1099"}],"wp:attachment":[{"href":"https:\/\/ameiph.com\/en\/wp-json\/wp\/v2\/media?parent=1119"}],"curies":[{"name":"wp","href":"https:\/\/api.w.org\/{rel}","templated":true}]}}