{"id":3996,"date":"2025-04-17T11:50:45","date_gmt":"2025-04-17T15:50:45","guid":{"rendered":"https:\/\/ameiph.com\/?page_id=3996"},"modified":"2025-04-17T14:43:47","modified_gmt":"2025-04-17T18:43:47","slug":"brief-overview","status":"publish","type":"page","link":"https:\/\/ameiph.com\/en\/about-us\/brief-overview\/","title":{"rendered":"Brief overview&#8230;"},"content":{"rendered":"\n<p>Founded in 1981, AMEIPH is a non-profit organization legally constituted and established in Quebec, and is registered with the Registraire des entreprises du Qu\u00e9bec. The AMEIPH benefits from the Community Organizations Support Program (PSOC) of the <a href=\"https:\/\/ciusss-centresudmtl.gouv.qc.ca\/\">CIUSSS du Centre-Sud-de Montr\u00e9al.<\/a> AMEIPH has also been recognized as a charitable organization since 1981.<\/p>\n\n\n\n<p>The AMEIPH&#8217;s mission is to develop the potential and to empower people with disabilities (PWDs) from immigrant backgrounds, with a view to their integration and inclusion in the host society.<\/p>\n\n\n\n<p>The Association offers services with a series of interventions articulated around four components: 1) Orientation, including accompaniment, referral according to the specific needs of the persons; (2) empowerement, in view to facilitate their social integration and citizen participation; (3) Belonging, with a view to development and socialization; (4) capacitydevelopment to stimulate personal, social, motor, linguistic, and artistic skills.<\/p>\n\n\n\n<p>AMEIPH has solid expertise in the field of disability and immigration and has an in-depth knowledge of the recurrent challenges affecting immigrants with disabilities, whom it has accompanied throughout the various waves of immigration to Quebec. Members benefit from continuous psychosocial support and are accompanied in their integration process. Their social participation is encouraged within the framework of programmes and projects. AMEIPH has developed training tools and led training workshops in adapted francization and intercultural approach.<\/p>\n\n\n\n<p>AMEIPH offers a meeting place for its members who participate in intergenerational and inclusive activities, including thematic exchanges on essential issues such as housing, access to health services, legal services, paratransit, or employment. Members take these opportunities to share their experiences, express their challenges and needs, and highlight their skills.<\/p>\n\n\n\n<p>AMEIPH is a member of groups and round tables, namely the Conf\u00e9d\u00e9ration des organismes de personnes handicap\u00e9es du Qu\u00e9bec (COPHAN), the Table de concertation des organismes au service des personnes r\u00e9fugi\u00e9s et immigrantes (TCRI), the Collectif d&#8217;organisme pour la d\u00e9fense des droits des personnes en situation de handicap (CODDPSH), the Alliance of Multicultural Communities for Equality in Health and Social Services (ACC\u00c9SSS), and the Regroupement des tables de concertation de La Petite-Patrie (RTCPP).<\/p>\n","protected":false},"excerpt":{"rendered":"<p>Founded in 1981, AMEIPH is a non-profit organization legally constituted and established in Quebec, and is registered with the Registraire&#8230;<br \/><a href=\"https:\/\/ameiph.com\/en\/about-us\/brief-overview\/\" class=\"read-more btn\">Read more <span class=\"sr-only\">about Brief overview&#8230;<\/span><\/a><\/p>\n","protected":false},"author":3,"featured_media":0,"parent":1077,"menu_order":0,"comment_status":"closed","ping_status":"closed","template":"","meta":{"_acf_changed":false,"footnotes":""},"class_list":["post-3996","page","type-page","status-publish","hentry"],"acf":[],"yoast_head":"<!-- This site is optimized with the Yoast SEO plugin v25.5 - https:\/\/yoast.com\/wordpress\/plugins\/seo\/ -->\n<title>Brief overview... - Association multiethnique pour l\u2019int\u00e9gration des personnes handicap\u00e9es<\/title>\n<meta name=\"robots\" content=\"index, follow, max-snippet:-1, max-image-preview:large, max-video-preview:-1\" \/>\n<link rel=\"canonical\" href=\"https:\/\/ameiph.com\/en\/about-us\/brief-overview\/\" \/>\n<meta property=\"og:locale\" content=\"en_US\" \/>\n<meta property=\"og:type\" content=\"article\" \/>\n<meta property=\"og:title\" content=\"Brief overview... - Association multiethnique pour l\u2019int\u00e9gration des personnes handicap\u00e9es\" \/>\n<meta property=\"og:description\" content=\"Founded in 1981, AMEIPH is a non-profit organization legally constituted and established in Quebec, and is registered with the Registraire...Read more about Brief overview&#8230;\" \/>\n<meta property=\"og:url\" content=\"https:\/\/ameiph.com\/en\/about-us\/brief-overview\/\" \/>\n<meta property=\"og:site_name\" content=\"Association multiethnique pour l\u2019int\u00e9gration des personnes handicap\u00e9es\" \/>\n<meta property=\"article:modified_time\" content=\"2025-04-17T18:43:47+00:00\" \/>\n<meta name=\"twitter:card\" content=\"summary_large_image\" \/>\n<meta name=\"twitter:label1\" content=\"Est. reading time\" \/>\n\t<meta name=\"twitter:data1\" content=\"2 minutes\" \/>\n<script type=\"application\/ld+json\" class=\"yoast-schema-graph\">{\"@context\":\"https:\/\/schema.org\",\"@graph\":[{\"@type\":\"WebPage\",\"@id\":\"https:\/\/ameiph.com\/en\/about-us\/brief-overview\/\",\"url\":\"https:\/\/ameiph.com\/en\/about-us\/brief-overview\/\",\"name\":\"Brief overview... - Association multiethnique pour l\u2019int\u00e9gration des personnes handicap\u00e9es\",\"isPartOf\":{\"@id\":\"https:\/\/ameiph.com\/#website\"},\"datePublished\":\"2025-04-17T15:50:45+00:00\",\"dateModified\":\"2025-04-17T18:43:47+00:00\",\"breadcrumb\":{\"@id\":\"https:\/\/ameiph.com\/en\/about-us\/brief-overview\/#breadcrumb\"},\"inLanguage\":\"en-US\",\"potentialAction\":[{\"@type\":\"ReadAction\",\"target\":[\"https:\/\/ameiph.com\/en\/about-us\/brief-overview\/\"]}]},{\"@type\":\"BreadcrumbList\",\"@id\":\"https:\/\/ameiph.com\/en\/about-us\/brief-overview\/#breadcrumb\",\"itemListElement\":[{\"@type\":\"ListItem\",\"position\":1,\"name\":\"Accueil\",\"item\":\"https:\/\/ameiph.com\/en\/\"},{\"@type\":\"ListItem\",\"position\":2,\"name\":\"About Us\",\"item\":\"https:\/\/ameiph.com\/en\/about-us\/\"},{\"@type\":\"ListItem\",\"position\":3,\"name\":\"Brief overview&#8230;\"}]},{\"@type\":\"WebSite\",\"@id\":\"https:\/\/ameiph.com\/#website\",\"url\":\"https:\/\/ameiph.com\/\",\"name\":\"Association multiethnique pour l\u2019int\u00e9gration des personnes handicap\u00e9es\",\"description\":\"(AMEIPH)\",\"potentialAction\":[{\"@type\":\"SearchAction\",\"target\":{\"@type\":\"EntryPoint\",\"urlTemplate\":\"https:\/\/ameiph.com\/?s={search_term_string}\"},\"query-input\":{\"@type\":\"PropertyValueSpecification\",\"valueRequired\":true,\"valueName\":\"search_term_string\"}}],\"inLanguage\":\"en-US\"}]}<\/script>\n<!-- \/ Yoast SEO plugin. -->","yoast_head_json":{"title":"Brief overview... - Association multiethnique pour l\u2019int\u00e9gration des personnes handicap\u00e9es","robots":{"index":"index","follow":"follow","max-snippet":"max-snippet:-1","max-image-preview":"max-image-preview:large","max-video-preview":"max-video-preview:-1"},"canonical":"https:\/\/ameiph.com\/en\/about-us\/brief-overview\/","og_locale":"en_US","og_type":"article","og_title":"Brief overview... - Association multiethnique pour l\u2019int\u00e9gration des personnes handicap\u00e9es","og_description":"Founded in 1981, AMEIPH is a non-profit organization legally constituted and established in Quebec, and is registered with the Registraire...Read more about Brief overview&#8230;","og_url":"https:\/\/ameiph.com\/en\/about-us\/brief-overview\/","og_site_name":"Association multiethnique pour l\u2019int\u00e9gration des personnes handicap\u00e9es","article_modified_time":"2025-04-17T18:43:47+00:00","twitter_card":"summary_large_image","twitter_misc":{"Est. reading time":"2 minutes"},"schema":{"@context":"https:\/\/schema.org","@graph":[{"@type":"WebPage","@id":"https:\/\/ameiph.com\/en\/about-us\/brief-overview\/","url":"https:\/\/ameiph.com\/en\/about-us\/brief-overview\/","name":"Brief overview... - Association multiethnique pour l\u2019int\u00e9gration des personnes handicap\u00e9es","isPartOf":{"@id":"https:\/\/ameiph.com\/#website"},"datePublished":"2025-04-17T15:50:45+00:00","dateModified":"2025-04-17T18:43:47+00:00","breadcrumb":{"@id":"https:\/\/ameiph.com\/en\/about-us\/brief-overview\/#breadcrumb"},"inLanguage":"en-US","potentialAction":[{"@type":"ReadAction","target":["https:\/\/ameiph.com\/en\/about-us\/brief-overview\/"]}]},{"@type":"BreadcrumbList","@id":"https:\/\/ameiph.com\/en\/about-us\/brief-overview\/#breadcrumb","itemListElement":[{"@type":"ListItem","position":1,"name":"Accueil","item":"https:\/\/ameiph.com\/en\/"},{"@type":"ListItem","position":2,"name":"About Us","item":"https:\/\/ameiph.com\/en\/about-us\/"},{"@type":"ListItem","position":3,"name":"Brief overview&#8230;"}]},{"@type":"WebSite","@id":"https:\/\/ameiph.com\/#website","url":"https:\/\/ameiph.com\/","name":"Association multiethnique pour l\u2019int\u00e9gration des personnes handicap\u00e9es","description":"(AMEIPH)","potentialAction":[{"@type":"SearchAction","target":{"@type":"EntryPoint","urlTemplate":"https:\/\/ameiph.com\/?s={search_term_string}"},"query-input":{"@type":"PropertyValueSpecification","valueRequired":true,"valueName":"search_term_string"}}],"inLanguage":"en-US"}]}},"_links":{"self":[{"href":"https:\/\/ameiph.com\/en\/wp-json\/wp\/v2\/pages\/3996","targetHints":{"allow":["GET"]}}],"collection":[{"href":"https:\/\/ameiph.com\/en\/wp-json\/wp\/v2\/pages"}],"about":[{"href":"https:\/\/ameiph.com\/en\/wp-json\/wp\/v2\/types\/page"}],"author":[{"embeddable":true,"href":"https:\/\/ameiph.com\/en\/wp-json\/wp\/v2\/users\/3"}],"replies":[{"embeddable":true,"href":"https:\/\/ameiph.com\/en\/wp-json\/wp\/v2\/comments?post=3996"}],"version-history":[{"count":2,"href":"https:\/\/ameiph.com\/en\/wp-json\/wp\/v2\/pages\/3996\/revisions"}],"predecessor-version":[{"id":3998,"href":"https:\/\/ameiph.com\/en\/wp-json\/wp\/v2\/pages\/3996\/revisions\/3998"}],"up":[{"embeddable":true,"href":"https:\/\/ameiph.com\/en\/wp-json\/wp\/v2\/pages\/1077"}],"wp:attachment":[{"href":"https:\/\/ameiph.com\/en\/wp-json\/wp\/v2\/media?parent=3996"}],"curies":[{"name":"wp","href":"https:\/\/api.w.org\/{rel}","templated":true}]}}